{"id":18903,"date":"2024-06-10T15:32:43","date_gmt":"2024-06-10T15:32:43","guid":{"rendered":"https:\/\/natsci.uprrp.edu\/biology-new\/?page_id=18903"},"modified":"2025-11-11T12:45:32","modified_gmt":"2025-11-11T16:45:32","slug":"faq-spanish-version","status":"publish","type":"page","link":"https:\/\/natsci.uprrp.edu\/biology\/faq-spanish-version\/","title":{"rendered":"FAQ (Spanish version)"},"content":{"rendered":"\n<h4 class=\"wp-block-heading\">Acerca de Cursos de Educacion General<\/h4>\n\n\n\n<p><strong>\u00bfCuales son los cursos que convalidan bajo el componente de Arte para el bachillerato?<\/strong><\/p>\n\n\n\n<p>Debe ir a la p\u00e1gina del&nbsp;<a href=\"https:\/\/academicos.uprrp.edu\/normativa-academica\/programas\/revision-de-bachillerato\/\" target=\"_blank\" rel=\"noreferrer noopener\">Decanato de Asuntos Acad\u00e9micos<\/a>&nbsp;y seleccionar donde dice ARTE. Luego le va a aparecer un documento en formato .pdf con los cursos aprobados hasta la fecha. Esta lista est\u00e1 sujeta a cambios en cualquier momento ya que la revisan 1-2 veces al a\u00f1o.<\/p>\n\n\n\n<p><strong>\u00bfCu\u00e1les son los cursos que convalidan bajo el componente de Literatura para el bachillerato?<\/strong><\/p>\n\n\n\n<p>Debe ir a la p\u00e1gina del&nbsp;<a href=\"https:\/\/academicos.uprrp.edu\/normativa-academica\/programas\/revision-de-bachillerato\/\" target=\"_blank\" rel=\"noreferrer noopener\">Decanato de Asuntos Acad\u00e9micos<\/a>&nbsp;y seleccionar donde dice LITERATURA. Luego le va a aparecer un documento en formato .pdf con los cursos aprobados hasta la fecha. Esta lista est\u00e1 sujeta a cambios en cualquier momento ya que la revisan 1-2 veces al a\u00f1o.<\/p>\n\n\n\n<p><strong>\u00bfCuales son los cursos que convalidan bajo el componente de Pensamiento l\u00f3gico-matem\u00e1tico?&nbsp;<\/strong><\/p>\n\n\n\n<p>Debe ir a la p\u00e1gina del&nbsp;<a href=\"https:\/\/academicos.uprrp.edu\/normativa-academica\/programas\/revision-de-bachillerato\/\" target=\"_blank\" rel=\"noreferrer noopener\">Decanato de Asuntos Acad\u00e9micos<\/a>&nbsp;y seleccionar donde dice PENSAMIENTO LOGICO-MATEMATICO. Luego le va a aparecer un documento en formato .pdf con los cursos aprobados hasta la fecha. Esta lista est\u00e1 sujeta a cambios en cualquier momento ya que la revisan 1-2 veces al a\u00f1o. Sin embargo, se les recomienda a todos los estudiantes de Biolog\u00eda tomar la clase de MATE 3151 (C\u00e1lculo I) ya que este curso es un pre-requisito para el curso requerido de F\u00edsica con el laboratorio (FISI 3011 y 3013).<\/p>\n\n\n\n<p><strong>\u00bfCuales son los cursos que convalidan bajo el componente de Educacion General en Ciencias Naturales?&nbsp;<\/strong><\/p>\n\n\n\n<p>Se convalidan solamente 2 cursos aprobados a nivel 4000:<br>CIBI 4006<br>CIBI 4105<br>CIFI 4005<br>CIFI 4065<br>CIFI 4074<br>CIFI 4075<br>CIFI 4995<\/p>\n\n\n\n<p>Algunos semestres esta lista sea amplia.&nbsp; Puede cotejar en la p\u00e1gina del&nbsp;<a href=\"https:\/\/academicos.uprrp.edu\/normativa-academica\/programas\/revision-de-bachillerato\/\" target=\"_blank\" rel=\"noreferrer noopener\">Decanato de Asuntos Acad\u00e9micos<\/a>&nbsp;y&nbsp; donde explican qu\u00e9 Cursos de Educaci\u00f3n General se convalidan.<\/p>\n\n\n\n<p><strong>\u00bfLos requisitos para aprobar las clases son los mismos para todos los cursos?<\/strong><\/p>\n\n\n\n<p>No. Los cursos que cuentan como requisito en<em>&nbsp;Educacion General, Facultad y Electivas Libres<\/em>&nbsp;son aprobados si el estudiante recibe una D y tiene un promedio general de 2.00. Los cursos que cuentan como requisito de&nbsp;<em>Concentraci\u00f3n<\/em>&nbsp;son aprobados si el estudiante recibe una C y tiene un promedio general de 2.00.<\/p>\n\n\n\n<h4 class=\"wp-block-heading\">Acerca de las Areas de Enfasis<\/h4>\n\n\n\n<p><strong>\u00bfCual es la diferencia entre ambas \u00e1reas de \u00e9nfasis en Biolog\u00eda?<\/strong><\/p>\n\n\n\n<p>Vaya al menu \u201cGeneral Information\u201d y busque \u201d&nbsp;<a href=\"http:\/\/natsci.uprrp.edu\/biology\/undergraduate-program\/about-us\/about-our-curriculum\/\" target=\"_blank\" rel=\"noreferrer noopener\">About our curriculum\u201d&nbsp;<\/a>&nbsp;para encontrar una descripci\u00f3n de las \u00e1reas de enfasis en Biologia Integrativa y Biologia Celular-Molecular. Igualmente si examina la pagina de&nbsp;<a href=\"https:\/\/natsci.uprrp.edu\/biology\/biology\/undergraduate-program\/information-for-current-students\/recommended-course-sequence\/\" target=\"_blank\" rel=\"noreferrer noopener\">Secuencia Curricular&nbsp;<\/a>va a poder encontrar la lista de cursos requeridos dentro de cada una de ellas.<\/p>\n\n\n\n<p><strong>\u00bfSi quiero cambiar de Area de Enfasis que tengo que hacer?&nbsp;<\/strong><\/p>\n\n\n\n<p>Es posible cambiar de \u00c1rea de \u00c9nfasis e idealmente le recomendamos hacer esto durante los primeros tres semestres de su bachillerato, justo antes de empezar a tomar los cursos especializados. Para declarar o cambiar&nbsp; el \u00e1rea de \u00e9nfasis se llena un formulario que esta disponible en la sala de recepci\u00f3n del Departamento de Biologia )oficina central de NCN) y el Ayudante Acad\u00e9mico es quien lo tramita y envia al Decanto de la Facultad de Ciencias Naturales quienes lo tramitan.<\/p>\n\n\n\n<h4 class=\"wp-block-heading\">Acerca de Cursos de \u00c1reas de \u00c9nfasis o Avanzados<\/h4>\n\n\n\n<p><strong>\u00bfCuales son los cursos denominados como Avanzados en las \u00c1reas de \u00c9nfasis?&nbsp;<\/strong><\/p>\n\n\n\n<p>Estos son cursos aprobados bajo este componente:<br>BIOL 3566 \u2013 Biopsicolog\u00eda<br>BIOL 3576 \u2013 Neuropsicofarmacolog\u00eda de la Adicci\u00f3n a Drogas<br>BIOL 3781 \u2013 Biolog\u00eda Humana III<br>BIOL 3782 \u2013 Biolog\u00eda Humana IV<br>BIOL 4056 \u2013 Inmunolog\u00eda<br>BIOL 4328 \u2013 Microbiolog\u00eda Aplicada<br>BIOL 4330 \u2013 Microbiolog\u00eda Industrial<br>BIOL 4345 \u2013 Evoluci\u00f3n<br>BIOL 4360 \u2013 Introducci\u00f3n a la Bioinform\u00e1tica Molecular<br>BIOL 4426 \u2013 Parasitolog\u00eda<br>BIOL 4460 \u2013 Endocrinolog\u00eda<br>BIOL 4486 \u2013 Etnobot\u00e1nica<br>BIOL 4600 \u2013 Biolog\u00eda del Desarrollo<br>BIOL 4805 \u2013 Comportamiento Animal<br>BIOL 4806 \u2013 Medicina Evolutiva<br>BIOL 5026 \u2013 Histolog\u00eda Funcional y M\u00e9todos<br>BIOL 5548 \u2013 Neurobiolog\u00eda<br>BIOL 4600 \u2013 Biolog\u00eda del Desarrollo<br>BIOL 5398 \u2013 Gen\u00e9tica Molecular<\/p>\n\n\n\n<p>BIOL 4999 \u2013 Algunos de estos cursos cuentan como cursos de \u00e9nfasis o avanzados en Biolog\u00eda<\/p>\n\n\n\n<h4 class=\"wp-block-heading\">Acerca de los Laboratorios<\/h4>\n\n\n\n<p><strong>\u00bfSi estoy tomando un curso de biolog\u00eda que tiene laboratorio incluido y luego lo repito, puedo tomar el curso sin repetir el laboratorio?<\/strong><\/p>\n\n\n\n<p>Si, pero bajo las siguientes condiciones:<\/p>\n\n\n\n<p>(a) Tiene que haber aprobado el laboratorio del curso con una nota equivalente al 80 % (B), o mejor.<\/p>\n\n\n\n<p>(b) Tiene que haber tomado el laboratorio hace un m\u00e1ximo de un a\u00f1o.<\/p>\n\n\n\n<p>(c) Debe de comunicarse con el coordinador del laboratorio durante el semestre en que usted estar\u00e1 repitiendo el curso para coordinar adecuadamente el manejo de su nota.<\/p>\n\n\n\n<p>(d) Debe comunicarle a la situaci\u00f3n a su profesor de la conferencia.<\/p>\n\n\n\n<p><strong>\u00bfNecesito tomar BIOL 3711 (Biologia Humana I) y BIOL 3712 (Biolog\u00eda Humana II) antes de tomar BIOL 3781 (Biolog\u00eda Humana III) y BIOL 3782 (Biolog\u00eda Humana IV)?&nbsp;<\/strong><\/p>\n\n\n\n<p>NO. Los cursos BIOL 3711 y BIOL 3712 estan dise\u00f1ados para estudiantes cuya concentraci\u00f3n NO es en Biolog\u00eda y, por lo tanto, no son pre-requisitos de BIOL 3781 y 3782. Los cursos de BIOL 3781-82 tienen laboratorio, los BIOL 3711-12 no.<\/p>\n\n\n\n<p><strong>\u00bfCu\u00e1les son los laboratorios avanzados que se deben tomar para cumplir con el requisito de concentraci\u00f3n en Biolog\u00eda?&nbsp;<\/strong><\/p>\n\n\n\n<p>Esto va depender del&nbsp;<a href=\"http:\/\/natsci.uprrp.edu\/biology\/undergraduate-program\/about-us\/about-our-curriculum\/\" target=\"_blank\" rel=\"noreferrer noopener\">Area de Enfasis<\/a>&nbsp;que ha escogido. Hay 4 opciones de donde escoger: BIOL 3112 \u2013 Laboratorio de Ecolog\u00eda, BIOL 3350 \u2013 Laboratorio de Gen\u00e9tica, BIOL 3365 \u2013 Laboratorio de Biotecnolog\u00eda; BIOL 4036 \u2013 Laboratorio de Biolog\u00eda Celular Molecular. Si el estudiante va a seguir el \u00e1rea de Biolog\u00eda Integrativa, debe tomar como requisito uno (1) de estos laboratorios. Si el estudiante va a seguir el \u00e1rea de Biolog\u00eda Celular Molecular, debe tomar como requisito dos (2) de estos laboratorios. Puede revisar la&nbsp;<a href=\"http:\/\/natsci.uprrp.edu\/biology\/undergraduate-program\/academic-evaluation\/suggested-course-sequence\/\" target=\"_blank\" rel=\"noreferrer noopener\">Secuencia Sugeria de Cursos<\/a>&nbsp;para entender mejor sus opciones.<\/p>\n\n\n\n<p><strong>\u00bfEstos laboratorios tienen pre-requisitos?&nbsp;<\/strong><\/p>\n\n\n\n<p>SI. Para BIOL 3112 es la clase de Ecolog\u00eda -BIOL 3111, para BIOL 3350 es la clase de Gen\u00e9tica -BIOL 3349, para BIOL 3365 \u2013 es la clase de Gen\u00e9tica -BIOL 3349, para BIOL 4036 es la primera parte del curso de Bloque -BIOL 4031 (bachillerato viejo) \u00f3 Bioqu\u00edmica de la c\u00e9lula -BIOL 4545 \u00f3 Biolog\u00eda Cel-Mol -BIOL 4350 (bachillerato nuevo). En nuestro lista de cursos en Biolog\u00eda&nbsp; (<a href=\"http:\/\/natsci.uprrp.edu\/biology\/wp-content\/uploads\/sites\/2\/2018\/06\/IventarioCursosSubgraduados-Feb2010-comp.pdf\" target=\"_blank\" rel=\"noreferrer noopener\">Biology courses<\/a>&nbsp;) encontrar\u00e1 informaci\u00f3n detallada acerca de los pre-requisitos y co-requisitos de estos y el resto de los cursos ofrecidos en Biologia.<\/p>\n\n\n\n<p><strong>\u00bfPuedo tomar alguno de estos laboratorios concurrentemente con la clase?&nbsp;<\/strong><\/p>\n\n\n\n<p>Si; pero unicamente aplica a el Laboratorio de Ecolog\u00eda (BIOL 3112), que puede tomarse de forma concurrente con el curso de Intro. a la Ecolog\u00eda (BIOL 3111). Los dem\u00e1s cursos de Laboratorio son pre-requisitos.<\/p>\n\n\n\n<p><strong>\u00bfPuedo tomar BIOL 3101 sin tener QUIM 3001 aprobado?&nbsp;<\/strong><\/p>\n\n\n\n<p>NO. Es pre-requisito.<\/p>\n\n\n\n<p><strong>\u00bfPuedo tomar BIOL 3101 concurrente con QUIM 3001?&nbsp;<\/strong><\/p>\n\n\n\n<p>NO. Es pre-requisito.<\/p>\n\n\n\n<p><strong>\u00bfPuedo tomar BIOL 3349 (Gen\u00e9tica) sin tener MATE 3026 (Estad\u00edstica) aprobado?&nbsp;<\/strong><\/p>\n\n\n\n<p>NO. Es pre-requisito.<\/p>\n\n\n\n<h4 class=\"wp-block-heading\">Acerca del curso BIOL 4990<\/h4>\n\n\n\n<p>Tenemos una pagina dedicada exclusivamente a&nbsp;<a href=\"http:\/\/natsci.uprrp.edu\/biology\/research-2\/undergraduate-research\/biol-4990\/\" target=\"_blank\" rel=\"noreferrer noopener\">BIOL 4990<\/a>, que incluye una secci\u00f3n de FAQ. Le recomendamos ir a ella para resolver sus preguntas, y encontrar informaci\u00f3n adicional de su inter\u00e9s.<\/p>\n\n\n\n<h4 class=\"wp-block-heading\">Acerca del curso BIOL 4999<\/h4>\n\n\n\n<p>Este curso sirve de sombrilla para ofrecer t\u00f3picos contempor\u00e1neos en Biolog\u00eda y cuentan como electivas dirigidas en Biolog\u00eda.&nbsp; Aquellos cursos con un * cuentan como cursos de \u00e9nfasis o cursos avanzados. Para ver el listado de BIOL 4999 pulse&nbsp;<a href=\"https:\/\/natsci.uprrp.edu\/biology\/biology\/wp-content\/uploads\/sites\/2\/2023\/05\/Biol-4999-actualizada-el-2021.pdf\">aqu\u00ed.<\/a><\/p>\n\n\n\n<h4 class=\"wp-block-heading\">Acerca de la Evaluaci\u00f3n Acad\u00e9mica, Aprobaci\u00f3n de cursos AP y cursos remediales<\/h4>\n\n\n\n<p><strong>\u00bfCu\u00e1ndo es importante hacer una cita para evaluaci\u00f3n acad\u00e9mica?&nbsp;<\/strong><\/p>\n\n\n\n<p>Cuando el estudiante sienta que la informaci\u00f3n disponible en la p\u00e1gina web del Departamento de Biolog\u00eda no es suficiente para contestar sus dudas. Mediante una cita con un asesor acad\u00e9mico del Departamento, o asistiendo a una de las sesiones grupales que ofrecemos por semestre, el estudiante podr\u00e1 aclarar dudas respecto a su bachillerato, los cursos que le faltan por tomar, c\u00f3mo obtener informaci\u00f3n acerca de escuelas graduadas y\/o internados, etc.<\/p>\n\n\n\n<p><strong>\u00bfCu\u00e1ntas veces puedo hacer evaluaci\u00f3n acad\u00e9mica durante un semestre?<\/strong><\/p>\n\n\n\n<p>Debido a la gran cantidad de estudiantes sub-graduados de nuestro departamento y al limitado n\u00famero de asesores disponibles, solamente se les permite hacer una cita para evaluaci\u00f3n acad\u00e9mica por estudiante por semestre.<\/p>\n\n\n\n<p><strong>\u00bfCu\u00e1les son los cursos que tengo aprobados hasta el momento?<\/strong><\/p>\n\n\n\n<p>Esto es responsabilidad del estudiante. En nuestra pagina de&nbsp;<a href=\"http:\/\/natsci.uprrp.edu\/biology\/undergraduate-program\/academic-evaluation\/information-according-to-your-class\/\" target=\"_blank\" rel=\"noreferrer noopener\">Evaluaci\u00f3n acad\u00e9mica<\/a>encontrar\u00e1 una serie de herramientas que le permitiran mantener de una manera organizada el registro de los cursos que lleva. Entre estas herramientas esta la hoja de cotejo (<a href=\"http:\/\/natsci.uprrp.edu\/biology\/wp-content\/uploads\/sites\/2\/2018\/06\/HojaCotejoPreMat-allv10.xlsx\" target=\"_blank\" rel=\"noreferrer noopener\">Course checklist<\/a>&nbsp;) donde usted podr\u00e1 llevar el record de todos los cursos que ha tomado y contabilizar el n\u00famero cr\u00e9ditos aprobados. Tambien puede verificar los cursos aprobados en el&nbsp;<a href=\"http:\/\/www.uprrp.edu\/\" target=\"_blank\" rel=\"noreferrer noopener\">portal institucional<\/a>&nbsp;MIUPI. Si necesita saber su promedio y confirmar cursos aprobados debe solicitar una transcripcion de creditos en la oficina del&nbsp;<a href=\"http:\/\/www.uprrp.edu\/registrador\/\" target=\"_blank\" rel=\"noreferrer noopener\">Registrador<\/a>.<\/p>\n\n\n\n<p><strong>Estoy haciendo la pre-matr\u00edcula y el sistema me da un mensaje de \u201ccorrequisite missing\u201d. \u00bfPorqu\u00e9?<\/strong><\/p>\n\n\n\n<p>Esto puede ser porque el estudiante est\u00e1 tratando de matricularse en un curso que tiene laboratorio, sin haber matriculado el laboratorio a la vez. Debe anotar ambos y luego presionar \u201cENTER\u201d.<\/p>\n\n\n\n<p><strong>Si deseo hacer una 2da concentraci\u00f3n en otra \u00e1rea. \u00bfQu\u00e9 tengo que hacer?&nbsp;<\/strong><\/p>\n\n\n\n<p>Tiene que ir al departamento donde desea hacer esa 2da concentraci\u00f3n para buscar informaci\u00f3n acerca de los requisitos, solicitar la 2nda concentraci\u00f3n y empezar a tomar los cursos correspondientes.<\/p>\n\n\n\n<p><strong>Si deseo repetir un curso en el cu\u00e1l obtuve una nota de D, F \u00f3 W. \u00bfTengo que hacer alg\u00fan tr\u00e1mite antes de matricular el curso?&nbsp;<\/strong><\/p>\n\n\n\n<p>NO. El estudiante puede matricular el curso siempre y cuando haya espacios disponibles.<\/p>\n\n\n\n<p><strong>Si deseo repetir un curso en el cu\u00e1l obtuve una nota de \u201cC\u201d. \u00bfTengo que hacer alg\u00fan tr\u00e1mite antes de matricular el curso?&nbsp;<\/strong><\/p>\n\n\n\n<p>SI. El estudiante debe pasar por el Departamento de Biolog\u00eda para buscar el documento titulado: Autorizaci\u00f3n De La Facultad Para La Repetici\u00f3n De Cursos Subgraduados. Este tr\u00e1mite conlleva varios pasos: 1) Buscar el documento; 2) llevar el documento al departamento que ofrece el curso que va a repetir para obtener la firma del Director de ese departamento; 3) llevar el documento al Departamento de Biolog\u00eda para la firma del Director del departamento; 4) llevar el documento al Decanato de Ciencias Naturales para la firma del Decano(a) de Asuntos Estudiantiles; 5) llevar el documento a la Oficina del Registrador. Todo estudiante del Departamento de Biolog\u00eda tiene derecho a repetir un (1) curso con \u201cC\u201d para que se le reemplace la nota al repetir el curso. Los otros cursos que repita con \u201cC\u201d se promediar\u00e1n las notas.<\/p>\n\n\n\n<p><strong>\u00bfAprob\u00e9 los ex\u00e1menes \u201cAdvanced Placement\u201d (AP) de Espa\u00f1ol y\/o Ingl\u00e9s antes de entrar a la UPR con una puntuaci\u00f3n de 4 \u00f3 5. \u00bfDebo tomar alguna de estas clases como requisito de Educaci\u00f3n General?<\/strong><\/p>\n\n\n\n<p>NO. Bajo el nuevo bachillerato en Biolog\u00eda, si el estudiante aprob\u00f3 estos ex\u00e1menes les cuenta como los 6 cr\u00e9ditos de cada materia aprobada. Figurar\u00e1n como Pass\/Non-pass y no cuentan para su promedio de graduaci\u00f3n.<\/p>\n\n\n\n<p><strong>\u00bfLos cursos de MATE 3001, 3023, 3024 y\/o 3018 cuentan para promedio de graduaci\u00f3n?&nbsp;<\/strong><\/p>\n\n\n\n<p>NO. Estos son cursos remediales bajo el nuevo bachillerato. Figurar\u00e1n como Pass\/Non-pass o con la nota (A,B, etc) que haya obtenido dependiendo de la forma en que los tom\u00f3, pero de ninguna manera cuentan para su promedio de graduaci\u00f3n.<\/p>\n\n\n\n<h4 class=\"wp-block-heading\">Acerca de mi preparaci\u00f3n para seguir estudios Profesionales de Salud<\/h4>\n\n\n\n<p>El portal del&nbsp;<a href=\"http:\/\/www.rcm.upr.edu\/en\/start\/\" target=\"_blank\" rel=\"noreferrer noopener\">Recinto de Ciencias Medicas<\/a>&nbsp;de la Universidad de Puerto Rico le puede ayudar a aclarar muchisimas de sus dudas. En la parte superior de la pagina encontr\u00e1 enlaces para ingresar a las diferentes escuelas del RCM. Una vez en ellas dirijase al enlace de Admisiones que cada una de ellas tiene.<br><strong><br>\u00bfCu\u00e1les son los requisitos para entrar a la Escuela de Medicina?<\/strong><\/p>\n\n\n\n<p>Visite el portal de la Escuela de Medicina o seleccione el enlace&nbsp;<a href=\"https:\/\/md.rcm.upr.edu\/md-program\/\" target=\"_blank\" rel=\"noreferrer noopener\">Requisitos del Programa MD<\/a>. Si aun tiene preguntas le sugerimos ir a la Oficina de Admisiones de la escuela a la cu\u00e1l interese solicitar y buscar la informaci\u00f3n \u00f3 entrar a la p\u00e1gina de internet de dicha escuela. Los requisitos pueden cambiar seg\u00fan la escuela de medicina.<\/p>\n\n\n\n<p><strong>Quiero ir a Medicina. \u00bfCu\u00e1l Area de Enfasis debo seguir?&nbsp;<\/strong><\/p>\n\n\n\n<p>Cualquiera de las dos \u00e1reas de \u00e9nfasis en Biolog\u00eda le proveer\u00e1 un trasfondo adecuado para ingresar en la Escuela de Medicina. Debe de escoger la que m\u00e1s le interese, pues m\u00e1s adelante se especializar\u00e1 en el \u00e1rea de la medicina.<\/p>\n\n\n\n<p>PARA CUALQUIER OTRA PREGUNTA CONTACTENOS&nbsp;<a href=\"http:\/\/natsci.uprrp.edu\/biology\/undergraduate-program\/about-us\/contact-information\/\" target=\"_blank\" rel=\"noreferrer noopener\">AQUI<\/a>.<\/p>\n","protected":false},"excerpt":{"rendered":"<p>Acerca de Cursos de Educacion General \u00bfCuales son los cursos que convalidan bajo el componente de Arte para el bachillerato? Debe ir a la p\u00e1gina del&nbsp;Decanato de Asuntos Acad\u00e9micos&nbsp;y seleccionar donde dice ARTE. Luego le va a aparecer un documento en formato .pdf con los cursos aprobados hasta la fecha. &hellip; <\/p>\n","protected":false},"author":4131,"featured_media":0,"parent":0,"menu_order":0,"comment_status":"closed","ping_status":"closed","template":"","meta":{"footnotes":""},"class_list":["post-18903","page","type-page","status-publish","hentry"],"_links":{"self":[{"href":"https:\/\/natsci.uprrp.edu\/biology\/wp-json\/wp\/v2\/pages\/18903","targetHints":{"allow":["GET"]}}],"collection":[{"href":"https:\/\/natsci.uprrp.edu\/biology\/wp-json\/wp\/v2\/pages"}],"about":[{"href":"https:\/\/natsci.uprrp.edu\/biology\/wp-json\/wp\/v2\/types\/page"}],"author":[{"embeddable":true,"href":"https:\/\/natsci.uprrp.edu\/biology\/wp-json\/wp\/v2\/users\/4131"}],"replies":[{"embeddable":true,"href":"https:\/\/natsci.uprrp.edu\/biology\/wp-json\/wp\/v2\/comments?post=18903"}],"version-history":[{"count":1,"href":"https:\/\/natsci.uprrp.edu\/biology\/wp-json\/wp\/v2\/pages\/18903\/revisions"}],"predecessor-version":[{"id":20907,"href":"https:\/\/natsci.uprrp.edu\/biology\/wp-json\/wp\/v2\/pages\/18903\/revisions\/20907"}],"wp:attachment":[{"href":"https:\/\/natsci.uprrp.edu\/biology\/wp-json\/wp\/v2\/media?parent=18903"}],"curies":[{"name":"wp","href":"https:\/\/api.w.org\/{rel}","templated":true}]}}