{"id":18864,"date":"2024-06-10T13:30:37","date_gmt":"2024-06-10T13:30:37","guid":{"rendered":"https:\/\/natsci.uprrp.edu\/biology-new\/?page_id=18864"},"modified":"2024-06-10T13:30:37","modified_gmt":"2024-06-10T13:30:37","slug":"recent-publications","status":"publish","type":"page","link":"https:\/\/natsci.uprrp.edu\/biology\/recent-publications\/","title":{"rendered":"Recent Publications"},"content":{"rendered":"\n<p><strong>Below we list the most recent publications (past 6-8 months) by&nbsp; faculty and students in our Department. For a complete list of publications of each faculty member, visit their lab websites which are listed in the Faculty directory.<\/strong><\/p>\n\n\n\n<p>Pag\u00e1n-Jim\u00e9nez M. Ruiz Calder\u00f3n JF, Dominguez-Bello MB,<strong>&nbsp;Garc\u00eda-Arrar\u00e1s JE<\/strong>. (2019) Characterization of the instestinal microbiota of the sea cucumber Holothuria glaberrima. PLoS ONE 14 (1): e020811<\/p>\n\n\n\n<p>Wiscovitch-Russo R, Narganes-Stordes Y, Cano RJ,&nbsp;<strong>Toranzos GA.<\/strong>&nbsp;(2019) Origin of the New World Plasmodium vivax: Facts and New Approaches. International Microbiology. 2019:1-6<\/p>\n\n\n\n<p>P\u00e9rez-Fern\u00e1ndez, C. A., Iriarte, M., Rivera-P\u00e9rez, J., Tremblay, R. L., &amp;&nbsp;<strong>Toranzos, G. A.<\/strong>(2019). Microbiota dispersion in the Uyuni salt flat (Bolivia) as determined by community structure analyses.&nbsp;<em>International Microbiology<\/em>, 1-12.<\/p>\n\n\n\n<p>Publicaci\u00f3n de la estudiante doctoral Maria Isabel Herrera-Montes y la ex-alumna Adriana Herrera-Montes PhD.: &nbsp; Bernal, X. E., Rojas, B., Pinto, M. A., Mendoza-Henao, \u00c1. M.,&nbsp;<strong>Herrera-Montes, A., Herrera-Montes, M. I<\/strong>., Caceres Franco. A. &nbsp;And 259 signatories including Burrowes, P. A. (2019). Empowering Latina scientists. Science (New York, NY), 363(6429), 825.<\/p>\n\n\n\n<p>Garcia-Recinos, L., Burrowes, P. A., and Dominguez-Bello, M. G. 2019. The skin microbiota of Eleutherodactylus frogs: effects of host ecology, phylogeny, and local environment. Frontiers in Microbiology, section Microbial Symbioses. https:\/\/doi.org\/10.3389\/fmicb.2019.02571<\/p>\n\n\n\n<p>Ackerman, J. D. 2019. Orchids and the persistent instability principle. Pages 42-51 in A. M. Pridgeon &amp; A. R. Arosemena, eds. Proceedings of the 22nd World Orchid Conference, Vol. 1. Asociaci\u00f3n Ecuatoriana de Orquideolog\u00eda, Guayaquil, Ecuador.<\/p>\n","protected":false},"excerpt":{"rendered":"<p>Below we list the most recent publications (past 6-8 months) by&nbsp; faculty and students in our Department. For a complete list of publications of each faculty member, visit their lab websites which are listed in the Faculty directory. Pag\u00e1n-Jim\u00e9nez M. Ruiz Calder\u00f3n JF, Dominguez-Bello MB,&nbsp;Garc\u00eda-Arrar\u00e1s JE. (2019) Characterization of the &hellip; <\/p>\n","protected":false},"author":4131,"featured_media":0,"parent":0,"menu_order":0,"comment_status":"closed","ping_status":"closed","template":"","meta":{"footnotes":""},"class_list":["post-18864","page","type-page","status-publish","hentry"],"_links":{"self":[{"href":"https:\/\/natsci.uprrp.edu\/biology\/wp-json\/wp\/v2\/pages\/18864","targetHints":{"allow":["GET"]}}],"collection":[{"href":"https:\/\/natsci.uprrp.edu\/biology\/wp-json\/wp\/v2\/pages"}],"about":[{"href":"https:\/\/natsci.uprrp.edu\/biology\/wp-json\/wp\/v2\/types\/page"}],"author":[{"embeddable":true,"href":"https:\/\/natsci.uprrp.edu\/biology\/wp-json\/wp\/v2\/users\/4131"}],"replies":[{"embeddable":true,"href":"https:\/\/natsci.uprrp.edu\/biology\/wp-json\/wp\/v2\/comments?post=18864"}],"version-history":[{"count":0,"href":"https:\/\/natsci.uprrp.edu\/biology\/wp-json\/wp\/v2\/pages\/18864\/revisions"}],"wp:attachment":[{"href":"https:\/\/natsci.uprrp.edu\/biology\/wp-json\/wp\/v2\/media?parent=18864"}],"curies":[{"name":"wp","href":"https:\/\/api.w.org\/{rel}","templated":true}]}}