{"id":20513,"date":"2025-10-16T16:44:19","date_gmt":"2025-10-16T16:44:19","guid":{"rendered":"https:\/\/natsci.uprrp.edu\/biology-new\/?page_id=20513"},"modified":"2025-10-16T16:53:50","modified_gmt":"2025-10-16T16:53:50","slug":"advanced-search-2","status":"publish","type":"page","link":"https:\/\/natsci.uprrp.edu\/biology-new\/advanced-search-2\/","title":{"rendered":"Advanced Search"},"content":{"rendered":"<div style='position:relative;' id='people_search-search' class='emd-form emd-container'><form id='people_search' action='\/biology-new\/wp-json\/wp\/v2\/pages\/20513' method='post' class='emd-form-container emd-form-horizontal'><input type='hidden' value='people_search' name='form_name' id='form_name_0'><input type='hidden' value='18683' name='emd_form_id' id='emd_form_id_0'><input type='hidden' value='campusdir_pro' name='emd_app' id='emd_app_0'><input type='hidden' value='emd_person' name='emd_ent' id='emd_ent_0'><input type='hidden' value='0' name='emd_step' id='emd_step_0'><input type=\"hidden\" id=\"people_search_0_nonce\" name=\"people_search_0_nonce\" value=\"ae2753cb3e\" \/><input type=\"hidden\" name=\"_wp_http_referer\" value=\"\/biology-new\/wp-json\/wp\/v2\/pages\/20513\" \/><div class=\"emd-form-row emd-row emd-ahp-row\"><div class=\"emd-form-field emd-col emd-md-12 emd-sm-12 emd-xs-12\" data-field=\"email\"><div class=\"emd-form-group\"><label class=\"emd-control-label email\" for=\"email\"><span id=\"label_email\">Email<\/span><span class=\"emd-fieldicons-wrap\">\n\t\t<a data-html=\"true\" href=\"#\" tabindex=-1 data-toggle=\"tooltip\" style=\"display:none;\" id=\"info_email\" class=\"helptip\">\n\t\t<span class=\"field-icons info\"><\/span><\/a><a href=\"#\" data-html=\"true\" tabindex=-1 data-toggle=\"tooltip\" title=\"Email field is required\" id=\"req_email\" class=\"helptip\" style=\"display:none;\">\n\t\t<span class=\"field-icons required\"><\/span>\n\t\t<\/a>\n\t\t<\/span>\n\t\t<\/label><input type=\"text\" name=\"people_search0_email\" class=\"text emd-ahp emd-input-md emd-form-control\" autocomplete=\"off\"\/><\/div><\/div><\/div><div class=\"emd-form-row emd-row\"><div class=\"emd-form-field emd-col emd-md-12 emd-sm-12 emd-xs-12\" data-field=\"emd_person_fname\"><div class=\"emd-form-group emd-input-group\"><label class=\"emd-control-label emd_person_fname\" for=\"emd_person_fname\" style=\"-webkit-box-flex:100%;-ms-flex:100%;flex:100%\"><span id=\"label_emd_person_fname\">First Name<\/span><span class=\"emd-fieldicons-wrap\">\n\t\t<a data-html=\"true\" href=\"#\" tabindex=-1 data-toggle=\"tooltip\" style=\"display:none;\" id=\"info_emd_person_fname\" class=\"helptip\">\n\t\t<span class=\"field-icons info\"><\/span><\/a><a href=\"#\" data-html=\"true\" tabindex=-1 data-toggle=\"tooltip\" title=\"First Name field is required\" id=\"req_emd_person_fname\" class=\"helptip\" style=\"display:none;\">\n\t\t<span class=\"field-icons required\"><\/span>\n\t\t<\/a>\n\t\t<\/span>\n\t\t<\/label><input type=\"text\" name=\"emd_person_fname\" class=\"text emd-input-md emd-form-control\" placeholder=\"First Name\" autocomplete=\"off\" style=\"-webkit-box-flex:1;-ms-flex:1;flex:1\"\/><input type=\"hidden\" name=\"opr__people_search_emd_person_fname\" id=\"opr__people_search_emd_person_fname\" value=\"like\"><div class=\"emd-input-group-append opr-md\" id=\"opr__people_search_emd_person_fname_div\"><button type=\"button\" class=\"emd-opr-toggle dropdown-toggle\" data-toggle=\"dropdown\">&#8776;&nbsp;<span class=\"caret\"><\/span><\/button><ul class=\"dropdown-menu dropdown-menu-right\" role=\"menu\" style=\"min-width:0;right: 0;top:98%;margin-top: 0;\"><li><a href=\"#\" onclick=\"return false;\" val=\"like\">&#8776;<\/a><\/li><li><a href=\"#\" onclick=\"return false;\" val=\"not_like\">!&#8776;<\/a><\/li><li><a href=\"#\" onclick=\"return false;\" val=\"is\">=<\/a><\/li><li><a href=\"#\" onclick=\"return false;\" val=\"is_not\">&#8800;<\/a><\/li><li><a href=\"#\" onclick=\"return false;\" val=\"begins\">Begins<\/a><\/li><li><a href=\"#\" onclick=\"return false;\" val=\"ends\">Ends<\/a><\/li><li><a href=\"#\" onclick=\"return false;\" val=\"word\">Word<\/a><\/li><\/ul><\/div><\/div><\/div><\/div><div class=\"emd-form-row emd-row\"><div class=\"emd-form-field emd-col emd-md-12 emd-sm-12 emd-xs-12\" data-field=\"emd_person_lname\"><div class=\"emd-form-group emd-input-group\"><label class=\"emd-control-label emd_person_lname\" for=\"emd_person_lname\" style=\"-webkit-box-flex:100%;-ms-flex:100%;flex:100%\"><span id=\"label_emd_person_lname\">Last Name<\/span><span class=\"emd-fieldicons-wrap\">\n\t\t<a data-html=\"true\" href=\"#\" tabindex=-1 data-toggle=\"tooltip\" style=\"display:none;\" id=\"info_emd_person_lname\" class=\"helptip\">\n\t\t<span class=\"field-icons info\"><\/span><\/a><a href=\"#\" data-html=\"true\" tabindex=-1 data-toggle=\"tooltip\" title=\"Last Name field is required\" id=\"req_emd_person_lname\" class=\"helptip\" style=\"display:none;\">\n\t\t<span class=\"field-icons required\"><\/span>\n\t\t<\/a>\n\t\t<\/span>\n\t\t<\/label><input type=\"text\" name=\"emd_person_lname\" class=\"text emd-input-md emd-form-control\" placeholder=\"Last Name\" autocomplete=\"off\" style=\"-webkit-box-flex:1;-ms-flex:1;flex:1\"\/><input type=\"hidden\" name=\"opr__people_search_emd_person_lname\" id=\"opr__people_search_emd_person_lname\" value=\"like\"><div class=\"emd-input-group-append opr-md\" id=\"opr__people_search_emd_person_lname_div\"><button type=\"button\" class=\"emd-opr-toggle dropdown-toggle\" data-toggle=\"dropdown\">&#8776;&nbsp;<span class=\"caret\"><\/span><\/button><ul class=\"dropdown-menu dropdown-menu-right\" role=\"menu\" style=\"min-width:0;right: 0;top:98%;margin-top: 0;\"><li><a href=\"#\" onclick=\"return false;\" val=\"like\">&#8776;<\/a><\/li><li><a href=\"#\" onclick=\"return false;\" val=\"not_like\">!&#8776;<\/a><\/li><li><a href=\"#\" onclick=\"return false;\" val=\"is\">=<\/a><\/li><li><a href=\"#\" onclick=\"return false;\" val=\"is_not\">&#8800;<\/a><\/li><li><a href=\"#\" onclick=\"return false;\" val=\"begins\">Begins<\/a><\/li><li><a href=\"#\" onclick=\"return false;\" val=\"ends\">Ends<\/a><\/li><li><a href=\"#\" onclick=\"return false;\" val=\"word\">Word<\/a><\/li><\/ul><\/div><\/div><\/div><\/div><div class=\"emd-form-row emd-row\"><div class=\"emd-form-field emd-col emd-md-12 emd-sm-12 emd-xs-12\" data-field=\"emd_person_type\"><div class=\"emd-form-group emd-input-group\"><label class=\"emd-control-label emd_person_type\" for=\"emd_person_type\" style=\"-webkit-box-flex:100%;-ms-flex:100%;flex:100%\"><span id=\"label_emd_person_type\">Person Type<\/span><span class=\"emd-fieldicons-wrap\">\n\t\t<a data-html=\"true\" href=\"#\" tabindex=-1 data-toggle=\"tooltip\" style=\"display:none;\" id=\"info_emd_person_type\" class=\"helptip\">\n\t\t<span class=\"field-icons info\"><\/span><\/a><a href=\"#\" data-html=\"true\" tabindex=-1 data-toggle=\"tooltip\" title=\"Person Type field is required\" id=\"req_emd_person_type\" class=\"helptip\" style=\"display:none;\">\n\t\t<span class=\"field-icons required\"><\/span>\n\t\t<\/a>\n\t\t<\/span>\n\t\t<\/label><select name=\"emd_person_type[]\" id=\"emd_person_type\" class=\"emd-input-md emd-form-control emd-select\" multiple placeholder=\"Person Type\" data-options=\"{\\\"allowClear\\\":true}\"><option value=\"faculty\">Faculty<\/option><option value=\"graduate-student\">Graduate Student<\/option><option value=\"staff\">Staff<\/option><option value=\"undergraduate-student\">Undergraduate Student<\/option><option value=\"alumni\">Alumni<\/option><\/select><\/div><\/div><\/div><div class=\"emd-form-row emd-row\"><div class=\"emd-form-field emd-col emd-md-12 emd-sm-12 emd-xs-12\" data-field=\"emd_person_email\"><div class=\"emd-form-group emd-input-group\"><label class=\"emd-control-label emd_person_email\" for=\"emd_person_email\" style=\"-webkit-box-flex:100%;-ms-flex:100%;flex:100%\"><span id=\"label_emd_person_email\">Email<\/span><span class=\"emd-fieldicons-wrap\">\n\t\t<a data-html=\"true\" href=\"#\" tabindex=-1 data-toggle=\"tooltip\" style=\"display:none;\" id=\"info_emd_person_email\" class=\"helptip\">\n\t\t<span class=\"field-icons info\"><\/span><\/a><a href=\"#\" data-html=\"true\" tabindex=-1 data-toggle=\"tooltip\" title=\"Email field is required\" id=\"req_emd_person_email\" class=\"helptip\" style=\"display:none;\">\n\t\t<span class=\"field-icons required\"><\/span>\n\t\t<\/a>\n\t\t<\/span>\n\t\t<\/label><input type=\"text\" name=\"emd_person_email\" class=\"text emd-input-md emd-form-control\" placeholder=\"Email\" autocomplete=\"off\" style=\"-webkit-box-flex:1;-ms-flex:1;flex:1\"\/><input type=\"hidden\" name=\"opr__people_search_emd_person_email\" id=\"opr__people_search_emd_person_email\" value=\"like\"><div class=\"emd-input-group-append opr-md\" id=\"opr__people_search_emd_person_email_div\"><button type=\"button\" class=\"emd-opr-toggle dropdown-toggle\" data-toggle=\"dropdown\">&#8776;&nbsp;<span class=\"caret\"><\/span><\/button><ul class=\"dropdown-menu dropdown-menu-right\" role=\"menu\" style=\"min-width:0;right: 0;top:98%;margin-top: 0;\"><li><a href=\"#\" onclick=\"return false;\" val=\"like\">&#8776;<\/a><\/li><li><a href=\"#\" onclick=\"return false;\" val=\"not_like\">!&#8776;<\/a><\/li><li><a href=\"#\" onclick=\"return false;\" val=\"is\">=<\/a><\/li><li><a href=\"#\" onclick=\"return false;\" val=\"is_not\">&#8800;<\/a><\/li><li><a href=\"#\" onclick=\"return false;\" val=\"begins\">Begins<\/a><\/li><li><a href=\"#\" onclick=\"return false;\" val=\"ends\">Ends<\/a><\/li><li><a href=\"#\" onclick=\"return false;\" val=\"word\">Word<\/a><\/li><\/ul><\/div><\/div><\/div><\/div><div class=\"emd-form-row emd-row\"><div class=\"emd-form-field emd-col emd-md-12 emd-sm-12 emd-xs-12\" data-field=\"person_area\"><div class=\"emd-form-group\"><label class=\"emd-control-label person_area\" for=\"person_area\"><span id=\"label_person_area\">Academic Area<\/span><span class=\"emd-fieldicons-wrap\">\n\t\t<a data-html=\"true\" href=\"#\" tabindex=-1 data-toggle=\"tooltip\" style=\"display:none;\" id=\"info_person_area\" class=\"helptip\">\n\t\t<span class=\"field-icons info\"><\/span><\/a><a href=\"#\" data-html=\"true\" tabindex=-1 data-toggle=\"tooltip\" title=\"Academic Area field is required\" id=\"req_person_area\" class=\"helptip\" style=\"display:none;\">\n\t\t<span class=\"field-icons required\"><\/span>\n\t\t<\/a>\n\t\t<\/span>\n\t\t<\/label><select name=\"person_area[]\" id=\"person_area\" class=\"emd-input-md emd-form-control emd-select\"  multiple placeholder=\"Academic Area\" data-options=\"{\\\"allowClear\\\":true}\"><option value=\"\" selected><\/option><\/select><\/div><\/div><\/div><div class=\"emd-form-row emd-row\"><div class=\"emd-form-field emd-col emd-md-12 emd-sm-12 emd-xs-12\" data-field=\"person_affiliation\"><div class=\"emd-form-group\"><label class=\"emd-control-label person_affiliation\" for=\"person_affiliation\"><span id=\"label_person_affiliation\">Affiliation<\/span><span class=\"emd-fieldicons-wrap\">\n\t\t<a data-html=\"true\" href=\"#\" tabindex=-1 data-toggle=\"tooltip\" style=\"display:none;\" id=\"info_person_affiliation\" class=\"helptip\">\n\t\t<span class=\"field-icons info\"><\/span><\/a><a href=\"#\" data-html=\"true\" tabindex=-1 data-toggle=\"tooltip\" title=\"Affiliation field is required\" id=\"req_person_affiliation\" class=\"helptip\" style=\"display:none;\">\n\t\t<span class=\"field-icons required\"><\/span>\n\t\t<\/a>\n\t\t<\/span>\n\t\t<\/label><select name=\"person_affiliation[]\" id=\"person_affiliation\" class=\"emd-input-md emd-form-control emd-select\"  multiple placeholder=\"Affiliation\" data-options=\"{\\\"allowClear\\\":true}\"><option value=\"\" selected><\/option><\/select><\/div><\/div><\/div><div class=\"emd-form-row emd-row\"><div class=\"emd-form-field emd-col emd-md-12 emd-sm-12 emd-xs-12\" data-field=\"person_appointment\"><div class=\"emd-form-group\"><label class=\"emd-control-label person_appointment\" for=\"person_appointment\"><span id=\"label_person_appointment\">Appointment Type<\/span><span class=\"emd-fieldicons-wrap\">\n\t\t<a data-html=\"true\" href=\"#\" tabindex=-1 data-toggle=\"tooltip\" style=\"display:none;\" id=\"info_person_appointment\" class=\"helptip\">\n\t\t<span class=\"field-icons info\"><\/span><\/a><a href=\"#\" data-html=\"true\" tabindex=-1 data-toggle=\"tooltip\" title=\"Appointment Type field is required\" id=\"req_person_appointment\" class=\"helptip\" style=\"display:none;\">\n\t\t<span class=\"field-icons required\"><\/span>\n\t\t<\/a>\n\t\t<\/span>\n\t\t<\/label><select name=\"person_appointment[]\" id=\"person_appointment\" class=\"emd-input-md emd-form-control emd-select\"  multiple placeholder=\"Appointment Type\" data-options=\"{\\\"allowClear\\\":true}\"><option value=\"\" selected><\/option><\/select><\/div><\/div><\/div><div class=\"emd-form-row emd-row\"><div class=\"emd-form-field emd-col emd-md-12 emd-sm-12 emd-xs-12\" data-field=\"person_title\"><div class=\"emd-form-group\"><label class=\"emd-control-label person_title\" for=\"person_title\"><span id=\"label_person_title\">Title<\/span><span class=\"emd-fieldicons-wrap\">\n\t\t<a data-html=\"true\" href=\"#\" tabindex=-1 data-toggle=\"tooltip\" style=\"display:none;\" id=\"info_person_title\" class=\"helptip\">\n\t\t<span class=\"field-icons info\"><\/span><\/a><a href=\"#\" data-html=\"true\" tabindex=-1 data-toggle=\"tooltip\" title=\"Title field is required\" id=\"req_person_title\" class=\"helptip\" style=\"display:none;\">\n\t\t<span class=\"field-icons required\"><\/span>\n\t\t<\/a>\n\t\t<\/span>\n\t\t<\/label><select name=\"person_title[]\" id=\"person_title\" class=\"emd-input-md emd-form-control emd-select\"  multiple placeholder=\"Title\" data-options=\"{\\\"allowClear\\\":true}\"><option value=\"\" selected><\/option><\/select><\/div><\/div><\/div><div class=\"emd-form-row emd-row\"><div class=\"emd-form-field emd-col emd-md-12 emd-sm-12 emd-xs-12\" data-field=\"person_rareas\"><div class=\"emd-form-group\"><label class=\"emd-control-label person_rareas\" for=\"person_rareas\"><span id=\"label_person_rareas\">Research Area<\/span><span class=\"emd-fieldicons-wrap\">\n\t\t<a data-html=\"true\" href=\"#\" tabindex=-1 data-toggle=\"tooltip\" style=\"display:none;\" id=\"info_person_rareas\" class=\"helptip\">\n\t\t<span class=\"field-icons info\"><\/span><\/a><a href=\"#\" data-html=\"true\" tabindex=-1 data-toggle=\"tooltip\" title=\"Research Area field is required\" id=\"req_person_rareas\" class=\"helptip\" style=\"display:none;\">\n\t\t<span class=\"field-icons required\"><\/span>\n\t\t<\/a>\n\t\t<\/span>\n\t\t<\/label><select name=\"person_rareas[]\" id=\"person_rareas\" class=\"emd-input-md emd-form-control emd-select\"  multiple placeholder=\"Research Area\" data-options=\"{\\\"allowClear\\\":true}\"><option value=\"\" selected><\/option><\/select><\/div><\/div><\/div><div class=\"emd-form-row emd-row\"><div class=\"emd-form-field emd-col emd-md-12 emd-sm-12 emd-xs-12\" data-field=\"emd_person_bio\"><div class=\"emd-form-group emd-input-group\"><label class=\"emd-control-label emd_person_bio\" for=\"emd_person_bio\" style=\"-webkit-box-flex:100%;-ms-flex:100%;flex:100%\"><span id=\"label_emd_person_bio\">Bio<\/span><span class=\"emd-fieldicons-wrap\">\n\t\t<a data-html=\"true\" href=\"#\" tabindex=-1 data-toggle=\"tooltip\" style=\"display:none;\" id=\"info_emd_person_bio\" class=\"helptip\">\n\t\t<span class=\"field-icons info\"><\/span><\/a><a href=\"#\" data-html=\"true\" tabindex=-1 data-toggle=\"tooltip\" title=\"Bio field is required\" id=\"req_emd_person_bio\" class=\"helptip\" style=\"display:none;\">\n\t\t<span class=\"field-icons required\"><\/span>\n\t\t<\/a>\n\t\t<\/span>\n\t\t<\/label><input type=\"text\" name=\"emd_person_bio\" class=\"text emd-input-md emd-form-control\" placeholder=\"Bio\" autocomplete=\"off\" style=\"-webkit-box-flex:1;-ms-flex:1;flex:1\"\/><input type=\"hidden\" name=\"opr__people_search_emd_person_bio\" id=\"opr__people_search_emd_person_bio\" value=\"like\"><div class=\"emd-input-group-append opr-md\" id=\"opr__people_search_emd_person_bio_div\"><button type=\"button\" class=\"emd-opr-toggle dropdown-toggle\" data-toggle=\"dropdown\">&#8776;&nbsp;<span class=\"caret\"><\/span><\/button><ul class=\"dropdown-menu dropdown-menu-right\" role=\"menu\" style=\"min-width:0;right: 0;top:98%;margin-top: 0;\"><li><a href=\"#\" onclick=\"return false;\" val=\"like\">&#8776;<\/a><\/li><li><a href=\"#\" onclick=\"return false;\" val=\"not_like\">!&#8776;<\/a><\/li><li><a href=\"#\" onclick=\"return false;\" val=\"is\">=<\/a><\/li><li><a href=\"#\" onclick=\"return false;\" val=\"is_not\">&#8800;<\/a><\/li><li><a href=\"#\" onclick=\"return false;\" val=\"begins\">Begins<\/a><\/li><li><a href=\"#\" onclick=\"return false;\" val=\"ends\">Ends<\/a><\/li><li><a href=\"#\" onclick=\"return false;\" val=\"word\">Word<\/a><\/li><\/ul><\/div><\/div><\/div><\/div><div class=\"emd-form-row emd-row\"><div class=\"emd-form-field emd-col emd-md-12 emd-sm-12 emd-xs-12\" data-field=\"career\"><div class=\"emd-form-group\"><label class=\"emd-control-label career\" for=\"career\"><span id=\"label_career\">Career<\/span><span class=\"emd-fieldicons-wrap\">\n\t\t<a data-html=\"true\" href=\"#\" tabindex=-1 data-toggle=\"tooltip\" style=\"display:none;\" id=\"info_career\" class=\"helptip\">\n\t\t<span class=\"field-icons info\"><\/span><\/a><a href=\"#\" data-html=\"true\" tabindex=-1 data-toggle=\"tooltip\" title=\"Career field is required\" id=\"req_career\" class=\"helptip\" style=\"display:none;\">\n\t\t<span class=\"field-icons required\"><\/span>\n\t\t<\/a>\n\t\t<\/span>\n\t\t<\/label><select name=\"career[]\" id=\"career\" class=\"emd-input-md emd-form-control emd-select\"  multiple placeholder=\"Career\" data-options=\"{\\\"allowClear\\\":true}\"><option value=\"\" selected><\/option><\/select><\/div><\/div><\/div><div class=\"emd-form-row emd-row\"><div class=\"emd-form-field emd-col emd-md-12 emd-sm-12 emd-xs-12\" data-field=\"directory_tag\"><div class=\"emd-form-group\"><label class=\"emd-control-label directory_tag\" for=\"directory_tag\"><span id=\"label_directory_tag\">Directory Tag<\/span><span class=\"emd-fieldicons-wrap\">\n\t\t<a data-html=\"true\" href=\"#\" tabindex=-1 data-toggle=\"tooltip\" style=\"display:none;\" id=\"info_directory_tag\" class=\"helptip\">\n\t\t<span class=\"field-icons info\"><\/span><\/a><a href=\"#\" data-html=\"true\" tabindex=-1 data-toggle=\"tooltip\" title=\"Directory Tag field is required\" id=\"req_directory_tag\" class=\"helptip\" style=\"display:none;\">\n\t\t<span class=\"field-icons required\"><\/span>\n\t\t<\/a>\n\t\t<\/span>\n\t\t<\/label><select name=\"directory_tag[]\" id=\"directory_tag\" class=\"emd-input-md emd-form-control emd-select\"  multiple placeholder=\"Directory Tag\" data-options=\"{\\\"allowClear\\\":true}\"><option value=\"\" selected><\/option><\/select><\/div><\/div><\/div><div class=\"emd-form-row emd-row\"><div class=\"emd-form-field emd-col emd-md-12 emd-sm-12 emd-xs-12\" data-field=\"rel_supervisor\"><div class=\"emd-form-group\"><label class=\"emd-control-label rel_supervisor\" for=\"rel_supervisor\"><span id=\"label_rel_supervisor\">Advisees<\/span><span class=\"emd-fieldicons-wrap\">\n\t\t<a data-html=\"true\" href=\"#\" tabindex=-1 data-toggle=\"tooltip\" title=\"Advisees\" id=\"info_rel_supervisor\" class=\"helptip\">\n\t\t<span class=\"field-icons info\"><\/span><\/a><a href=\"#\" data-html=\"true\" tabindex=-1 data-toggle=\"tooltip\" title=\"Advisees field is required\" id=\"req_rel_supervisor\" class=\"helptip\" style=\"display:none;\">\n\t\t<span class=\"field-icons required\"><\/span>\n\t\t<\/a>\n\t\t<\/span>\n\t\t<\/label><select name=\"rel_supervisor[]\" id=\"rel_supervisor\" class=\"emd-input-md emd-form-control emd-select\"  multiple placeholder=\"Advisees\" data-options=\"{\\\"allowClear\\\":true}\"><option value=\"\">Please select<\/option><option value=\"20482\">Alfredo Ghezzi Grau<\/option><option value=\"20471\">Carla Restrepo<\/option><option value=\"20481\">Carlos I. Gonz\u00e1lez<\/option><option value=\"20479\">Carmen S. Maldonado Vlaar<\/option><option value=\"20465\">Cristina Mart\u00ednez-Benito<\/option><option value=\"20462\">David Ortiz<\/option><option value=\"20496\">Elvira Cuevas<\/option><option value=\"20477\">Esther Peterson<\/option><option value=\"20475\">Eugenio Santiago<\/option><option value=\"20463\">Fabiola Areces<\/option><option value=\"20474\">Gary Toranzos<\/option><option value=\"20469\">Gisela Crespo<\/option><option value=\"20468\">Hector De Jes\u00fas<\/option><option value=\"20472\">Imilce De los Angeles Rodriguez Fernandez<\/option><option value=\"20494\">James Ackerman<\/option><option value=\"20480\">Jos\u00e9 A. Lasalde<\/option><option value=\"20476\">Jos\u00e9 A. Rodr\u00edguez Mart\u00ednez<\/option><option value=\"20500\">Jos\u00e9 Garc\u00eda Arrar\u00e1s<\/option><option value=\"20497\">Jose Luis Agosto<\/option><option value=\"20492\">Juan Ram\u00edrez Lugo<\/option><option value=\"20489\">Julio Lazcano<\/option><option value=\"20470\">Kelcie Chiquillo<\/option><option value=\"20466\">Maria Isabel Herrera<\/option><option value=\"20464\">Maria Ramirez Roman<\/option><option value=\"20488\">Michelle Borrero<\/option><option value=\"20493\">Miguel Urdaneta<\/option><option value=\"20495\">Paul Bayman<\/option><option value=\"20478\">Riccardo Papa<\/option><option value=\"20491\">Rosaura Ram\u00edrez<\/option><option value=\"20490\">Steven Massey<\/option><option value=\"20467\">Trevor Fristoe<\/option><option value=\"20473\">Tugrul Giray<\/option><\/select><\/div><\/div><\/div><div class=\"emd-row emd-form-row emd-form-submit-row\"><button class='emd-form-search emd-btn emd-btn-inverse emd-btn-large' type='submit' value='submit' name='submit_people_search'><i class='fa fa-fw fas fa-search' aria-hidden='true'><\/i>Search<\/button><\/div><\/form><div class=\"emd-form-search-results\"><\/div><\/div><!--container-end-->\n","protected":false},"excerpt":{"rendered":"","protected":false},"author":10,"featured_media":0,"parent":0,"menu_order":0,"comment_status":"closed","ping_status":"closed","template":"","meta":{"footnotes":""},"class_list":["post-20513","page","type-page","status-publish","hentry"],"_links":{"self":[{"href":"https:\/\/natsci.uprrp.edu\/biology-new\/wp-json\/wp\/v2\/pages\/20513","targetHints":{"allow":["GET"]}}],"collection":[{"href":"https:\/\/natsci.uprrp.edu\/biology-new\/wp-json\/wp\/v2\/pages"}],"about":[{"href":"https:\/\/natsci.uprrp.edu\/biology-new\/wp-json\/wp\/v2\/types\/page"}],"author":[{"embeddable":true,"href":"https:\/\/natsci.uprrp.edu\/biology-new\/wp-json\/wp\/v2\/users\/10"}],"replies":[{"embeddable":true,"href":"https:\/\/natsci.uprrp.edu\/biology-new\/wp-json\/wp\/v2\/comments?post=20513"}],"version-history":[{"count":1,"href":"https:\/\/natsci.uprrp.edu\/biology-new\/wp-json\/wp\/v2\/pages\/20513\/revisions"}],"predecessor-version":[{"id":20514,"href":"https:\/\/natsci.uprrp.edu\/biology-new\/wp-json\/wp\/v2\/pages\/20513\/revisions\/20514"}],"wp:attachment":[{"href":"https:\/\/natsci.uprrp.edu\/biology-new\/wp-json\/wp\/v2\/media?parent=20513"}],"curies":[{"name":"wp","href":"https:\/\/api.w.org\/{rel}","templated":true}]}}